{"id":10,"date":"2026-04-22T16:54:43","date_gmt":"2026-04-22T19:54:43","guid":{"rendered":"https:\/\/afiliado.checkboost.com.br\/?page_id=10"},"modified":"2026-04-22T16:54:43","modified_gmt":"2026-04-22T19:54:43","slug":"minha-conta","status":"publish","type":"page","link":"https:\/\/afiliado.checkboost.com.br\/?page_id=10","title":{"rendered":"Minha conta"},"content":{"rendered":"<div class=\"woocommerce\"><div class=\"woocommerce-notices-wrapper\"><\/div>  <div class=\"u-column1 col-1\">\n    <h2>Identifica\u00e7\u00e3o<\/h2>\n    <p>Ol\u00e1, para continuar \u00e9 necessario que digite o seu endere\u00e7o de email e senha.<\/p>\n    <h3>Entrar<\/h3>\n    <form class=\"woocommerce-form woocommerce-form-login login\" method=\"post\">\n      \n      <p class=\"woocommerce-form-row woocommerce-form-row--wide form-row form-row-wide\">\n        <label for=\"username\">Nome de usu\u00e1rio ou e-mail <span class=\"required\">*<\/span><\/label>\n        <input type=\"text\" class=\"woocommerce-Input woocommerce-Input--text input-text\" name=\"username\" id=\"username\" autocomplete=\"username\" value=\"\" \/>\n      <\/p>\n      <p class=\"woocommerce-form-row woocommerce-form-row--wide form-row form-row-wide\">\n        <label for=\"password\">Senha <span class=\"required\">*<\/span><\/label>\n        <input class=\"woocommerce-Input woocommerce-Input--text input-text\" type=\"password\" name=\"password\" id=\"password\" autocomplete=\"current-password\" \/>\n      <\/p>\n\n      \n      <p class=\"form-row\">\n        <label class=\"woocommerce-form__label woocommerce-form__label-for-checkbox woocommerce-form-login__rememberme\">\n          <input class=\"woocommerce-form__input woocommerce-form__input-checkbox\" name=\"rememberme\" type=\"checkbox\" id=\"rememberme\" value=\"forever\" \/>\n          <span>Lembre-me<\/span>\n        <\/label>\n        <input type=\"hidden\" id=\"woocommerce-login-nonce\" name=\"woocommerce-login-nonce\" value=\"0fd25126cf\" \/><input type=\"hidden\" name=\"_wp_http_referer\" value=\"\/index.php?rest_route=%2Fwp%2Fv2%2Fpages%2F10\" \/>        <button type=\"submit\" class=\"woocommerce-button button woocommerce-form-login__submit\" name=\"login\" value=\"Entrar\">Acessar<\/button>\n      <\/p>\n\n      <p class=\"woocommerce-LostPassword lost_password\">\n        <a href=\"https:\/\/afiliado.checkboost.com.br\/?page_id=10&#038;lost-password\">Esqueceu a sua senha?<\/a>\n      <\/p>\n\n          <\/form>\n  <\/div>\n\n<\/div>\n","protected":false},"excerpt":{"rendered":"","protected":false},"author":1,"featured_media":0,"parent":0,"menu_order":0,"comment_status":"closed","ping_status":"closed","template":"","meta":{"footnotes":""},"class_list":["post-10","page","type-page","status-publish","hentry"],"_links":{"self":[{"href":"https:\/\/afiliado.checkboost.com.br\/index.php?rest_route=\/wp\/v2\/pages\/10","targetHints":{"allow":["GET"]}}],"collection":[{"href":"https:\/\/afiliado.checkboost.com.br\/index.php?rest_route=\/wp\/v2\/pages"}],"about":[{"href":"https:\/\/afiliado.checkboost.com.br\/index.php?rest_route=\/wp\/v2\/types\/page"}],"author":[{"embeddable":true,"href":"https:\/\/afiliado.checkboost.com.br\/index.php?rest_route=\/wp\/v2\/users\/1"}],"replies":[{"embeddable":true,"href":"https:\/\/afiliado.checkboost.com.br\/index.php?rest_route=%2Fwp%2Fv2%2Fcomments&post=10"}],"version-history":[{"count":0,"href":"https:\/\/afiliado.checkboost.com.br\/index.php?rest_route=\/wp\/v2\/pages\/10\/revisions"}],"wp:attachment":[{"href":"https:\/\/afiliado.checkboost.com.br\/index.php?rest_route=%2Fwp%2Fv2%2Fmedia&parent=10"}],"curies":[{"name":"wp","href":"https:\/\/api.w.org\/{rel}","templated":true}]}}